{"id":9,"date":"2026-03-03T11:18:29","date_gmt":"2026-03-03T11:18:29","guid":{"rendered":"https:\/\/esmecanicaautos.sitesads.com.br\/?page_id=9"},"modified":"2026-03-03T13:32:15","modified_gmt":"2026-03-03T13:32:15","slug":"landing-page","status":"publish","type":"page","link":"https:\/\/esmecanicaautos.sitesads.com.br\/","title":{"rendered":"Squeeze"},"content":{"rendered":"\t\t<div data-elementor-type=\"wp-page\" data-elementor-id=\"9\" class=\"elementor elementor-9\" data-elementor-post-type=\"page\">\n\t\t\t\t<div class=\"elementor-element elementor-element-9fb1497 elementor-hidden-mobile e-flex e-con-boxed e-con e-parent\" data-id=\"9fb1497\" data-element_type=\"container\" data-e-type=\"container\" data-settings=\"{&quot;background_background&quot;:&quot;gradient&quot;}\">\n\t\t\t\t\t<div class=\"e-con-inner\">\n\t\t<div class=\"elementor-element elementor-element-1f9f3100 e-con-full e-flex e-con e-child\" data-id=\"1f9f3100\" data-element_type=\"container\" data-e-type=\"container\">\n\t\t<div class=\"elementor-element elementor-element-1dcfed7c e-con-full e-flex e-con e-child\" data-id=\"1dcfed7c\" data-element_type=\"container\" data-e-type=\"container\">\n\t\t\t\t<div class=\"elementor-element elementor-element-19e808c8 elementor-widget elementor-widget-image\" data-id=\"19e808c8\" data-element_type=\"widget\" data-e-type=\"widget\" data-widget_type=\"image.default\">\n\t\t\t\t\t\t\t\t\t\t\t\t\t\t\t<img fetchpriority=\"high\" decoding=\"async\" width=\"512\" height=\"512\" src=\"https:\/\/esmecanicaautos.sitesads.com.br\/wp-content\/uploads\/2026\/03\/logo-es-mecanica-autos.png\" class=\"attachment-full size-full wp-image-43\" alt=\"\" srcset=\"https:\/\/esmecanicaautos.sitesads.com.br\/wp-content\/uploads\/2026\/03\/logo-es-mecanica-autos.png 512w, https:\/\/esmecanicaautos.sitesads.com.br\/wp-content\/uploads\/2026\/03\/logo-es-mecanica-autos-300x300.png 300w, https:\/\/esmecanicaautos.sitesads.com.br\/wp-content\/uploads\/2026\/03\/logo-es-mecanica-autos-150x150.png 150w\" sizes=\"(max-width: 512px) 100vw, 512px\" \/>\t\t\t\t\t\t\t\t\t\t\t\t\t\t\t<\/div>\n\t\t\t\t<div class=\"elementor-element elementor-element-2f04127e elementor-widget elementor-widget-text-editor\" data-id=\"2f04127e\" data-element_type=\"widget\" data-e-type=\"widget\" data-widget_type=\"text-editor.default\">\n\t\t\t\t\t\t\t\t\t<p>Oficina Mec\u00e2nica focada em <span style=\"color: #ff0000;\">manuten\u00e7\u00e3o preventiva<\/span> e <span style=\"color: #ff0000;\">corretiva<\/span> para seu carro!<\/p>\t\t\t\t\t\t\t\t<\/div>\n\t\t\t\t<div class=\"elementor-element elementor-element-6a80694b elementor-widget elementor-widget-text-editor\" data-id=\"6a80694b\" data-element_type=\"widget\" data-e-type=\"widget\" data-widget_type=\"text-editor.default\">\n\t\t\t\t\t\t\t\t\t<div class=\"flex flex-col text-sm pb-25\"><article class=\"text-token-text-primary w-full focus:outline-none [--shadow-height:45px] has-data-writing-block:pointer-events-none has-data-writing-block:-mt-(--shadow-height) has-data-writing-block:pt-(--shadow-height) [&amp;:has([data-writing-block])&gt;*]:pointer-events-auto scroll-mt-[calc(var(--header-height)+min(200px,max(70px,20svh)))]\" dir=\"auto\" tabindex=\"-1\" data-turn-id=\"request-69727005-c800-8328-af6a-eae94439c71e-2\" data-testid=\"conversation-turn-22\" data-scroll-anchor=\"true\" data-turn=\"assistant\"><div class=\"text-base my-auto mx-auto pb-10 [--thread-content-margin:--spacing(4)] @w-sm\/main:[--thread-content-margin:--spacing(6)] @w-lg\/main:[--thread-content-margin:--spacing(16)] px-(--thread-content-margin)\"><div class=\"[--thread-content-max-width:40rem] @w-lg\/main:[--thread-content-max-width:48rem] mx-auto max-w-(--thread-content-max-width) flex-1 group\/turn-messages focus-visible:outline-hidden relative flex w-full min-w-0 flex-col agent-turn\" tabindex=\"-1\"><div class=\"flex max-w-full flex-col grow\"><div class=\"min-h-8 text-message relative flex w-full flex-col items-end gap-2 text-start break-words whitespace-normal [.text-message+&amp;]:mt-1\" dir=\"auto\" data-message-author-role=\"assistant\" data-message-id=\"5f370580-d989-47aa-8aa0-6008b8f2cd4d\" data-message-model-slug=\"gpt-5-2-thinking\"><div class=\"flex w-full flex-col gap-1 empty:hidden first:pt-[1px]\"><div class=\"markdown prose dark:prose-invert w-full wrap-break-word dark markdown-new-styling\"><p data-start=\"0\" data-end=\"193\" data-is-last-node=\"\" data-is-only-node=\"\">Realizamos o servi\u00e7o efici\u00eancia, somos r\u00e1pidos em entregas e valorizamos dar prioridade ara o cliente!\u00a0<\/p><p data-start=\"0\" data-end=\"193\" data-is-last-node=\"\" data-is-only-node=\"\">Clique no <strong>bot\u00e3o<\/strong> abaixo e fa\u00e7a seu <strong>or\u00e7amento<\/strong>!\u00a0<\/p><\/div><\/div><\/div><\/div><\/div><\/div><\/article><\/div>\t\t\t\t\t\t\t\t<\/div>\n\t\t\t\t<div class=\"elementor-element elementor-element-7e35201d elementor-widget elementor-widget-button\" data-id=\"7e35201d\" data-element_type=\"widget\" data-e-type=\"widget\" data-widget_type=\"button.default\">\n\t\t\t\t\t\t\t\t\t\t<a class=\"elementor-button elementor-button-link elementor-size-sm\" href=\"https:\/\/wa.me\/553193980066?text=Ol%C3%A1%2C%20vim%20do%20seu%20site%20e%20gostaria%20de%20um%20or%C3%A7amento!\">\n\t\t\t\t\t\t<span class=\"elementor-button-content-wrapper\">\n\t\t\t\t\t\t<span class=\"elementor-button-icon\">\n\t\t\t\t<svg aria-hidden=\"true\" class=\"e-font-icon-svg e-fab-whatsapp\" viewBox=\"0 0 448 512\" xmlns=\"http:\/\/www.w3.org\/2000\/svg\"><path d=\"M380.9 97.1C339 55.1 283.2 32 223.9 32c-122.4 0-222 99.6-222 222 0 39.1 10.2 77.3 29.6 111L0 480l117.7-30.9c32.4 17.7 68.9 27 106.1 27h.1c122.3 0 224.1-99.6 224.1-222 0-59.3-25.2-115-67.1-157zm-157 341.6c-33.2 0-65.7-8.9-94-25.7l-6.7-4-69.8 18.3L72 359.2l-4.4-7c-18.5-29.4-28.2-63.3-28.2-98.2 0-101.7 82.8-184.5 184.6-184.5 49.3 0 95.6 19.2 130.4 54.1 34.8 34.9 56.2 81.2 56.1 130.5 0 101.8-84.9 184.6-186.6 184.6zm101.2-138.2c-5.5-2.8-32.8-16.2-37.9-18-5.1-1.9-8.8-2.8-12.5 2.8-3.7 5.6-14.3 18-17.6 21.8-3.2 3.7-6.5 4.2-12 1.4-32.6-16.3-54-29.1-75.5-66-5.7-9.8 5.7-9.1 16.3-30.3 1.8-3.7.9-6.9-.5-9.7-1.4-2.8-12.5-30.1-17.1-41.2-4.5-10.8-9.1-9.3-12.5-9.5-3.2-.2-6.9-.2-10.6-.2-3.7 0-9.7 1.4-14.8 6.9-5.1 5.6-19.4 19-19.4 46.3 0 27.3 19.9 53.7 22.6 57.4 2.8 3.7 39.1 59.7 94.8 83.8 35.2 15.2 49 16.5 66.6 13.9 10.7-1.6 32.8-13.4 37.4-26.4 4.6-13 4.6-24.1 3.2-26.4-1.3-2.5-5-3.9-10.5-6.6z\"><\/path><\/svg>\t\t\t<\/span>\n\t\t\t\t\t\t\t\t\t<span class=\"elementor-button-text\">QUERO FAZER UM OR\u00c7AMENTO<\/span>\n\t\t\t\t\t<\/span>\n\t\t\t\t\t<\/a>\n\t\t\t\t\t\t\t\t<\/div>\n\t\t\t\t<\/div>\n\t\t<div class=\"elementor-element elementor-element-43f6f950 e-con-full e-flex e-con e-child\" data-id=\"43f6f950\" data-element_type=\"container\" data-e-type=\"container\">\n\t\t\t\t<div class=\"elementor-element elementor-element-69c94abd elementor-widget elementor-widget-image\" data-id=\"69c94abd\" data-element_type=\"widget\" data-e-type=\"widget\" data-widget_type=\"image.default\">\n\t\t\t\t\t\t\t\t\t\t\t\t\t\t\t<img decoding=\"async\" width=\"1005\" height=\"915\" src=\"https:\/\/esmecanicaautos.sitesads.com.br\/wp-content\/uploads\/2026\/03\/car-.png\" class=\"attachment-full size-full wp-image-82\" alt=\"\" srcset=\"https:\/\/esmecanicaautos.sitesads.com.br\/wp-content\/uploads\/2026\/03\/car-.png 1005w, https:\/\/esmecanicaautos.sitesads.com.br\/wp-content\/uploads\/2026\/03\/car--300x273.png 300w, https:\/\/esmecanicaautos.sitesads.com.br\/wp-content\/uploads\/2026\/03\/car--768x699.png 768w\" sizes=\"(max-width: 1005px) 100vw, 1005px\" \/>\t\t\t\t\t\t\t\t\t\t\t\t\t\t\t<\/div>\n\t\t\t\t<\/div>\n\t\t\t\t<\/div>\n\t\t<div class=\"elementor-element elementor-element-6c89ffd5 e-grid e-con-full e-con e-child\" data-id=\"6c89ffd5\" data-element_type=\"container\" data-e-type=\"container\">\n\t\t\t\t<div class=\"elementor-element elementor-element-778ef015 elementor-view-default elementor-position-block-start elementor-mobile-position-block-start elementor-widget elementor-widget-icon-box\" data-id=\"778ef015\" data-element_type=\"widget\" data-e-type=\"widget\" data-widget_type=\"icon-box.default\">\n\t\t\t\t\t\t\t<div class=\"elementor-icon-box-wrapper\">\n\n\t\t\t\t\t\t<div class=\"elementor-icon-box-icon\">\n\t\t\t\t<span  class=\"elementor-icon\">\n\t\t\t\t<svg xmlns=\"http:\/\/www.w3.org\/2000\/svg\" viewBox=\"0 0 256 256\"><rect width=\"256\" height=\"256\" fill=\"none\"><\/rect><path d=\"M104,126.94a64,64,0,0,1,80-90.29L144,80l5.66,26.34L176,112l43.35-40a64,64,0,0,1-90.29,80L73,217A24,24,0,0,1,39,183Z\" fill=\"none\" stroke=\"currentColor\" stroke-linecap=\"round\" stroke-linejoin=\"round\" stroke-width=\"16\"><\/path><\/svg>\t\t\t\t<\/span>\n\t\t\t<\/div>\n\t\t\t\n\t\t\t\t\t\t<div class=\"elementor-icon-box-content\">\n\n\t\t\t\t\t\t\t\t\t<h3 class=\"elementor-icon-box-title\">\n\t\t\t\t\t\t<span  >\n\t\t\t\t\t\t\tRevis\u00e3o preventiva\t\t\t\t\t\t<\/span>\n\t\t\t\t\t<\/h3>\n\t\t\t\t\n\t\t\t\t\n\t\t\t<\/div>\n\t\t\t\n\t\t<\/div>\n\t\t\t\t\t\t<\/div>\n\t\t\t\t<div class=\"elementor-element elementor-element-953bfeb elementor-view-default elementor-position-block-start elementor-mobile-position-block-start elementor-widget elementor-widget-icon-box\" data-id=\"953bfeb\" data-element_type=\"widget\" data-e-type=\"widget\" data-widget_type=\"icon-box.default\">\n\t\t\t\t\t\t\t<div class=\"elementor-icon-box-wrapper\">\n\n\t\t\t\t\t\t<div class=\"elementor-icon-box-icon\">\n\t\t\t\t<span  class=\"elementor-icon\">\n\t\t\t\t<svg xmlns=\"http:\/\/www.w3.org\/2000\/svg\" viewBox=\"0 0 256 256\"><rect width=\"256\" height=\"256\" fill=\"none\"><\/rect><ellipse cx=\"168\" cy=\"128\" rx=\"16\" ry=\"40\" fill=\"none\" stroke=\"currentColor\" stroke-linecap=\"round\" stroke-linejoin=\"round\" stroke-width=\"16\"><\/ellipse><ellipse cx=\"164\" cy=\"128\" rx=\"52\" ry=\"96\" fill=\"none\" stroke=\"currentColor\" stroke-linecap=\"round\" stroke-linejoin=\"round\" stroke-width=\"16\"><\/ellipse><path d=\"M232,224H92c-28.72,0-52-43-52-96S63.28,32,92,32h72\" fill=\"none\" stroke=\"currentColor\" stroke-linecap=\"round\" stroke-linejoin=\"round\" stroke-width=\"16\"><\/path><polyline points=\"40.38 116.3 80 88 112.77 111.41\" fill=\"none\" stroke=\"currentColor\" stroke-linecap=\"round\" stroke-linejoin=\"round\" stroke-width=\"16\"><\/polyline><polyline points=\"46.85 175.68 80 152 120.65 181.03\" fill=\"none\" stroke=\"currentColor\" stroke-linecap=\"round\" stroke-linejoin=\"round\" stroke-width=\"16\"><\/polyline><\/svg>\t\t\t\t<\/span>\n\t\t\t<\/div>\n\t\t\t\n\t\t\t\t\t\t<div class=\"elementor-icon-box-content\">\n\n\t\t\t\t\t\t\t\t\t<h3 class=\"elementor-icon-box-title\">\n\t\t\t\t\t\t<span  >\n\t\t\t\t\t\t\tFreio\t\t\t\t\t\t<\/span>\n\t\t\t\t\t<\/h3>\n\t\t\t\t\n\t\t\t\t\n\t\t\t<\/div>\n\t\t\t\n\t\t<\/div>\n\t\t\t\t\t\t<\/div>\n\t\t\t\t<div class=\"elementor-element elementor-element-7ce46136 elementor-view-default elementor-position-block-start elementor-mobile-position-block-start elementor-widget elementor-widget-icon-box\" data-id=\"7ce46136\" data-element_type=\"widget\" data-e-type=\"widget\" data-widget_type=\"icon-box.default\">\n\t\t\t\t\t\t\t<div class=\"elementor-icon-box-wrapper\">\n\n\t\t\t\t\t\t<div class=\"elementor-icon-box-icon\">\n\t\t\t\t<span  class=\"elementor-icon\">\n\t\t\t\t<svg xmlns=\"http:\/\/www.w3.org\/2000\/svg\" viewBox=\"0 0 256 256\"><rect width=\"256\" height=\"256\" fill=\"none\"><\/rect><line x1=\"16\" y1=\"108\" x2=\"16\" y2=\"172\" fill=\"none\" stroke=\"currentColor\" stroke-linecap=\"round\" stroke-linejoin=\"round\" stroke-width=\"16\"><\/line><line x1=\"100\" y1=\"32\" x2=\"164\" y2=\"32\" fill=\"none\" stroke=\"currentColor\" stroke-linecap=\"round\" stroke-linejoin=\"round\" stroke-width=\"16\"><\/line><path d=\"M224,176l-37.66,37.66a8,8,0,0,1-5.65,2.34H103.31a8,8,0,0,1-5.65-2.34L58.34,174.34A8,8,0,0,1,56,168.69V80a8,8,0,0,1,8-8H180.69a8,8,0,0,1,5.65,2.34L224,112h16a8,8,0,0,1,8,8v48a8,8,0,0,1-8,8Z\" fill=\"none\" stroke=\"currentColor\" stroke-linecap=\"round\" stroke-linejoin=\"round\" stroke-width=\"16\"><\/path><line x1=\"16\" y1=\"140\" x2=\"56\" y2=\"140\" fill=\"none\" stroke=\"currentColor\" stroke-linecap=\"round\" stroke-linejoin=\"round\" stroke-width=\"16\"><\/line><line x1=\"132\" y1=\"32\" x2=\"132\" y2=\"72\" fill=\"none\" stroke=\"currentColor\" stroke-linecap=\"round\" stroke-linejoin=\"round\" stroke-width=\"16\"><\/line><\/svg>\t\t\t\t<\/span>\n\t\t\t<\/div>\n\t\t\t\n\t\t\t\t\t\t<div class=\"elementor-icon-box-content\">\n\n\t\t\t\t\t\t\t\t\t<h3 class=\"elementor-icon-box-title\">\n\t\t\t\t\t\t<span  >\n\t\t\t\t\t\t\tSuspens\u00e3o\t\t\t\t\t\t<\/span>\n\t\t\t\t\t<\/h3>\n\t\t\t\t\n\t\t\t\t\n\t\t\t<\/div>\n\t\t\t\n\t\t<\/div>\n\t\t\t\t\t\t<\/div>\n\t\t\t\t<div class=\"elementor-element elementor-element-712dc30 elementor-view-default elementor-position-block-start elementor-mobile-position-block-start elementor-widget elementor-widget-icon-box\" data-id=\"712dc30\" data-element_type=\"widget\" data-e-type=\"widget\" data-widget_type=\"icon-box.default\">\n\t\t\t\t\t\t\t<div class=\"elementor-icon-box-wrapper\">\n\n\t\t\t\t\t\t<div class=\"elementor-icon-box-icon\">\n\t\t\t\t<span  class=\"elementor-icon\">\n\t\t\t\t<svg xmlns=\"http:\/\/www.w3.org\/2000\/svg\" viewBox=\"0 0 256 256\"><rect width=\"256\" height=\"256\" fill=\"none\"><\/rect><path d=\"M112,224a95.2,95.2,0,0,1-29-48\" fill=\"none\" stroke=\"currentColor\" stroke-linecap=\"round\" stroke-linejoin=\"round\" stroke-width=\"16\"><\/path><path d=\"M192,152c0,31.67,13.31,59,40,72H61A103.65,103.65,0,0,1,32,152c0-28.21,11.23-50.89,29.47-69.64a8,8,0,0,1,8.67-1.81L95.52,90.83a16,16,0,0,0,20.82-9l21-53.11c4.15-10,15.47-15.32,25.63-11.53a20,20,0,0,1,11.51,26.4L153.13,96.69a16,16,0,0,0,8.93,20.76L187,127.29a8,8,0,0,1,5,7.43Z\" fill=\"none\" stroke=\"currentColor\" stroke-linecap=\"round\" stroke-linejoin=\"round\" stroke-width=\"16\"><\/path><line x1=\"43.93\" y1=\"105.57\" x2=\"192.8\" y2=\"165.12\" fill=\"none\" stroke=\"currentColor\" stroke-linecap=\"round\" stroke-linejoin=\"round\" stroke-width=\"16\"><\/line><\/svg>\t\t\t\t<\/span>\n\t\t\t<\/div>\n\t\t\t\n\t\t\t\t\t\t<div class=\"elementor-icon-box-content\">\n\n\t\t\t\t\t\t\t\t\t<h3 class=\"elementor-icon-box-title\">\n\t\t\t\t\t\t<span  >\n\t\t\t\t\t\t\tLimpeza de bico\t\t\t\t\t\t<\/span>\n\t\t\t\t\t<\/h3>\n\t\t\t\t\n\t\t\t\t\n\t\t\t<\/div>\n\t\t\t\n\t\t<\/div>\n\t\t\t\t\t\t<\/div>\n\t\t\t\t<\/div>\n\t\t\t\t\t<\/div>\n\t\t\t\t<\/div>\n\t\t<div class=\"elementor-element elementor-element-54b83a3b e-flex e-con-boxed e-con e-parent\" data-id=\"54b83a3b\" data-element_type=\"container\" data-e-type=\"container\" data-settings=\"{&quot;background_background&quot;:&quot;classic&quot;}\">\n\t\t\t\t\t<div class=\"e-con-inner\">\n\t\t<div class=\"elementor-element elementor-element-288b9b0f e-con-full e-flex e-con e-child\" data-id=\"288b9b0f\" data-element_type=\"container\" data-e-type=\"container\">\n\t\t\t\t<div class=\"elementor-element elementor-element-5529b94b elementor-widget elementor-widget-text-editor\" data-id=\"5529b94b\" data-element_type=\"widget\" data-e-type=\"widget\" data-widget_type=\"text-editor.default\">\n\t\t\t\t\t\t\t\t\t<p>Desenvolvido por: <span style=\"color: #ff0000;\"><a style=\"color: #ff0000;\" href=\"http:\/\/www.panoramdigital.com.br\"><em><strong>Panoram Digital<\/strong><\/em><\/a><\/span><\/p>\t\t\t\t\t\t\t\t<\/div>\n\t\t\t\t<div class=\"elementor-element elementor-element-26675385 elementor-widget elementor-widget-text-editor\" data-id=\"26675385\" data-element_type=\"widget\" data-e-type=\"widget\" data-widget_type=\"text-editor.default\">\n\t\t\t\t\t\t\t\t\tCNPJ: 25.271.718\/0001-43\t\t\t\t\t\t\t\t<\/div>\n\t\t\t\t<\/div>\n\t\t\t\t\t<\/div>\n\t\t\t\t<\/div>\n\t\t\t\t<\/div>\n\t\t","protected":false},"excerpt":{"rendered":"<p>Oficina Mec\u00e2nica focada em manuten\u00e7\u00e3o preventiva e corretiva para seu carro! Realizamos o servi\u00e7o efici\u00eancia, somos r\u00e1pidos em entregas e valorizamos dar prioridade ara o cliente!\u00a0 Clique no bot\u00e3o abaixo e fa\u00e7a seu or\u00e7amento!\u00a0 QUERO FAZER UM OR\u00c7AMENTO Revis\u00e3o preventiva Freio Suspens\u00e3o Limpeza de bico Desenvolvido por: Panoram Digital CNPJ: 25.271.718\/0001-43<\/p>\n","protected":false},"author":1,"featured_media":0,"parent":0,"menu_order":0,"comment_status":"closed","ping_status":"closed","template":"elementor_canvas","meta":{"footnotes":""},"class_list":["post-9","page","type-page","status-publish","hentry"],"yoast_head":"<!-- This site is optimized with the Yoast SEO plugin v27.5 - https:\/\/yoast.com\/product\/yoast-seo-wordpress\/ -->\n<title>Squeeze - Es Mec\u00e2nica Autos<\/title>\n<meta name=\"robots\" content=\"index, follow, max-snippet:-1, max-image-preview:large, max-video-preview:-1\" \/>\n<link rel=\"canonical\" href=\"https:\/\/esmecanicaautos.sitesads.com.br\/\" \/>\n<meta property=\"og:locale\" content=\"pt_BR\" \/>\n<meta property=\"og:type\" content=\"article\" \/>\n<meta property=\"og:title\" content=\"Squeeze - Es Mec\u00e2nica Autos\" \/>\n<meta property=\"og:description\" content=\"Oficina Mec\u00e2nica focada em manuten\u00e7\u00e3o preventiva e corretiva para seu carro! Realizamos o servi\u00e7o efici\u00eancia, somos r\u00e1pidos em entregas e valorizamos dar prioridade ara o cliente!\u00a0 Clique no bot\u00e3o abaixo e fa\u00e7a seu or\u00e7amento!\u00a0 QUERO FAZER UM OR\u00c7AMENTO Revis\u00e3o preventiva Freio Suspens\u00e3o Limpeza de bico Desenvolvido por: Panoram Digital CNPJ: 25.271.718\/0001-43\" \/>\n<meta property=\"og:url\" content=\"https:\/\/esmecanicaautos.sitesads.com.br\/\" \/>\n<meta property=\"og:site_name\" content=\"Es Mec\u00e2nica Autos\" \/>\n<meta property=\"article:modified_time\" content=\"2026-03-03T13:32:15+00:00\" \/>\n<meta property=\"og:image\" content=\"https:\/\/esmecanicaautos.sitesads.com.br\/wp-content\/uploads\/2026\/03\/logo-es-mecanica-autos.png\" \/>\n\t<meta property=\"og:image:width\" content=\"512\" \/>\n\t<meta property=\"og:image:height\" content=\"512\" \/>\n\t<meta property=\"og:image:type\" content=\"image\/png\" \/>\n<meta name=\"twitter:card\" content=\"summary_large_image\" \/>\n<meta name=\"twitter:label1\" content=\"Est. tempo de leitura\" \/>\n\t<meta name=\"twitter:data1\" content=\"1 minuto\" \/>\n<script type=\"application\/ld+json\" class=\"yoast-schema-graph\">{\"@context\":\"https:\\\/\\\/schema.org\",\"@graph\":[{\"@type\":\"WebPage\",\"@id\":\"https:\\\/\\\/esmecanicaautos.sitesads.com.br\\\/\",\"url\":\"https:\\\/\\\/esmecanicaautos.sitesads.com.br\\\/\",\"name\":\"Squeeze - Es Mec\u00e2nica Autos\",\"isPartOf\":{\"@id\":\"https:\\\/\\\/esmecanicaautos.sitesads.com.br\\\/#website\"},\"primaryImageOfPage\":{\"@id\":\"https:\\\/\\\/esmecanicaautos.sitesads.com.br\\\/#primaryimage\"},\"image\":{\"@id\":\"https:\\\/\\\/esmecanicaautos.sitesads.com.br\\\/#primaryimage\"},\"thumbnailUrl\":\"https:\\\/\\\/esmecanicaautos.sitesads.com.br\\\/wp-content\\\/uploads\\\/2026\\\/03\\\/logo-es-mecanica-autos.png\",\"datePublished\":\"2026-03-03T11:18:29+00:00\",\"dateModified\":\"2026-03-03T13:32:15+00:00\",\"breadcrumb\":{\"@id\":\"https:\\\/\\\/esmecanicaautos.sitesads.com.br\\\/#breadcrumb\"},\"inLanguage\":\"pt-BR\",\"potentialAction\":[{\"@type\":\"ReadAction\",\"target\":[\"https:\\\/\\\/esmecanicaautos.sitesads.com.br\\\/\"]}]},{\"@type\":\"ImageObject\",\"inLanguage\":\"pt-BR\",\"@id\":\"https:\\\/\\\/esmecanicaautos.sitesads.com.br\\\/#primaryimage\",\"url\":\"https:\\\/\\\/esmecanicaautos.sitesads.com.br\\\/wp-content\\\/uploads\\\/2026\\\/03\\\/logo-es-mecanica-autos.png\",\"contentUrl\":\"https:\\\/\\\/esmecanicaautos.sitesads.com.br\\\/wp-content\\\/uploads\\\/2026\\\/03\\\/logo-es-mecanica-autos.png\",\"width\":512,\"height\":512},{\"@type\":\"BreadcrumbList\",\"@id\":\"https:\\\/\\\/esmecanicaautos.sitesads.com.br\\\/#breadcrumb\",\"itemListElement\":[{\"@type\":\"ListItem\",\"position\":1,\"name\":\"In\u00edcio\",\"item\":\"https:\\\/\\\/esmecanicaautos.sitesads.com.br\\\/\"},{\"@type\":\"ListItem\",\"position\":2,\"name\":\"Squeeze\"}]},{\"@type\":\"WebSite\",\"@id\":\"https:\\\/\\\/esmecanicaautos.sitesads.com.br\\\/#website\",\"url\":\"https:\\\/\\\/esmecanicaautos.sitesads.com.br\\\/\",\"name\":\"Es Mec\u00e2nica Autos\",\"description\":\"\",\"potentialAction\":[{\"@type\":\"SearchAction\",\"target\":{\"@type\":\"EntryPoint\",\"urlTemplate\":\"https:\\\/\\\/esmecanicaautos.sitesads.com.br\\\/?s={search_term_string}\"},\"query-input\":{\"@type\":\"PropertyValueSpecification\",\"valueRequired\":true,\"valueName\":\"search_term_string\"}}],\"inLanguage\":\"pt-BR\"}]}<\/script>\n<!-- \/ Yoast SEO plugin. -->","yoast_head_json":{"title":"Squeeze - Es Mec\u00e2nica Autos","robots":{"index":"index","follow":"follow","max-snippet":"max-snippet:-1","max-image-preview":"max-image-preview:large","max-video-preview":"max-video-preview:-1"},"canonical":"https:\/\/esmecanicaautos.sitesads.com.br\/","og_locale":"pt_BR","og_type":"article","og_title":"Squeeze - Es Mec\u00e2nica Autos","og_description":"Oficina Mec\u00e2nica focada em manuten\u00e7\u00e3o preventiva e corretiva para seu carro! Realizamos o servi\u00e7o efici\u00eancia, somos r\u00e1pidos em entregas e valorizamos dar prioridade ara o cliente!\u00a0 Clique no bot\u00e3o abaixo e fa\u00e7a seu or\u00e7amento!\u00a0 QUERO FAZER UM OR\u00c7AMENTO Revis\u00e3o preventiva Freio Suspens\u00e3o Limpeza de bico Desenvolvido por: Panoram Digital CNPJ: 25.271.718\/0001-43","og_url":"https:\/\/esmecanicaautos.sitesads.com.br\/","og_site_name":"Es Mec\u00e2nica Autos","article_modified_time":"2026-03-03T13:32:15+00:00","og_image":[{"width":512,"height":512,"url":"https:\/\/esmecanicaautos.sitesads.com.br\/wp-content\/uploads\/2026\/03\/logo-es-mecanica-autos.png","type":"image\/png"}],"twitter_card":"summary_large_image","twitter_misc":{"Est. tempo de leitura":"1 minuto"},"schema":{"@context":"https:\/\/schema.org","@graph":[{"@type":"WebPage","@id":"https:\/\/esmecanicaautos.sitesads.com.br\/","url":"https:\/\/esmecanicaautos.sitesads.com.br\/","name":"Squeeze - Es Mec\u00e2nica Autos","isPartOf":{"@id":"https:\/\/esmecanicaautos.sitesads.com.br\/#website"},"primaryImageOfPage":{"@id":"https:\/\/esmecanicaautos.sitesads.com.br\/#primaryimage"},"image":{"@id":"https:\/\/esmecanicaautos.sitesads.com.br\/#primaryimage"},"thumbnailUrl":"https:\/\/esmecanicaautos.sitesads.com.br\/wp-content\/uploads\/2026\/03\/logo-es-mecanica-autos.png","datePublished":"2026-03-03T11:18:29+00:00","dateModified":"2026-03-03T13:32:15+00:00","breadcrumb":{"@id":"https:\/\/esmecanicaautos.sitesads.com.br\/#breadcrumb"},"inLanguage":"pt-BR","potentialAction":[{"@type":"ReadAction","target":["https:\/\/esmecanicaautos.sitesads.com.br\/"]}]},{"@type":"ImageObject","inLanguage":"pt-BR","@id":"https:\/\/esmecanicaautos.sitesads.com.br\/#primaryimage","url":"https:\/\/esmecanicaautos.sitesads.com.br\/wp-content\/uploads\/2026\/03\/logo-es-mecanica-autos.png","contentUrl":"https:\/\/esmecanicaautos.sitesads.com.br\/wp-content\/uploads\/2026\/03\/logo-es-mecanica-autos.png","width":512,"height":512},{"@type":"BreadcrumbList","@id":"https:\/\/esmecanicaautos.sitesads.com.br\/#breadcrumb","itemListElement":[{"@type":"ListItem","position":1,"name":"In\u00edcio","item":"https:\/\/esmecanicaautos.sitesads.com.br\/"},{"@type":"ListItem","position":2,"name":"Squeeze"}]},{"@type":"WebSite","@id":"https:\/\/esmecanicaautos.sitesads.com.br\/#website","url":"https:\/\/esmecanicaautos.sitesads.com.br\/","name":"Es Mec\u00e2nica Autos","description":"","potentialAction":[{"@type":"SearchAction","target":{"@type":"EntryPoint","urlTemplate":"https:\/\/esmecanicaautos.sitesads.com.br\/?s={search_term_string}"},"query-input":{"@type":"PropertyValueSpecification","valueRequired":true,"valueName":"search_term_string"}}],"inLanguage":"pt-BR"}]}},"_links":{"self":[{"href":"https:\/\/esmecanicaautos.sitesads.com.br\/index.php\/wp-json\/wp\/v2\/pages\/9","targetHints":{"allow":["GET"]}}],"collection":[{"href":"https:\/\/esmecanicaautos.sitesads.com.br\/index.php\/wp-json\/wp\/v2\/pages"}],"about":[{"href":"https:\/\/esmecanicaautos.sitesads.com.br\/index.php\/wp-json\/wp\/v2\/types\/page"}],"author":[{"embeddable":true,"href":"https:\/\/esmecanicaautos.sitesads.com.br\/index.php\/wp-json\/wp\/v2\/users\/1"}],"replies":[{"embeddable":true,"href":"https:\/\/esmecanicaautos.sitesads.com.br\/index.php\/wp-json\/wp\/v2\/comments?post=9"}],"version-history":[{"count":59,"href":"https:\/\/esmecanicaautos.sitesads.com.br\/index.php\/wp-json\/wp\/v2\/pages\/9\/revisions"}],"predecessor-version":[{"id":85,"href":"https:\/\/esmecanicaautos.sitesads.com.br\/index.php\/wp-json\/wp\/v2\/pages\/9\/revisions\/85"}],"wp:attachment":[{"href":"https:\/\/esmecanicaautos.sitesads.com.br\/index.php\/wp-json\/wp\/v2\/media?parent=9"}],"curies":[{"name":"wp","href":"https:\/\/api.w.org\/{rel}","templated":true}]}}